{"id":544,"date":"2017-09-04T13:02:41","date_gmt":"2017-09-04T13:02:41","guid":{"rendered":"http:\/\/www.hotelpark.no\/nb\/?page_id=544"},"modified":"2017-09-07T07:01:09","modified_gmt":"2017-09-07T07:01:09","slug":"leiligheter","status":"publish","type":"page","link":"https:\/\/www.hotelpark.no\/nb\/leiligheter\/","title":{"rendered":"Leiligheter"},"content":{"rendered":"<p>[vc_row row_type=&#8221;row&#8221; use_row_as_full_screen_section=&#8221;no&#8221; type=&#8221;full_width&#8221; angled_section=&#8221;no&#8221; text_align=&#8221;center&#8221; background_image_as_pattern=&#8221;without_pattern&#8221; padding_top=&#8221;5%&#8221; padding_bottom=&#8221;3%&#8221; css_animation=&#8221;&#8221;][vc_column][vc_column_text]<\/p>\n<h3>Studioleiligheter<\/h3>\n<p>[\/vc_column_text][vc_empty_space height=&#8221;28px&#8221;][vc_column_text el_class=&#8221;dotre&#8221;]<\/p>\n<h2>2\u00a0D\u00f8tre<\/h2>\n<p>[\/vc_column_text][vc_empty_space height=&#8221;28px&#8221;][\/vc_column][\/vc_row][vc_row row_type=&#8221;row&#8221; use_row_as_full_screen_section=&#8221;no&#8221; type=&#8221;full_width&#8221; angled_section=&#8221;no&#8221; text_align=&#8221;left&#8221; background_image_as_pattern=&#8221;without_pattern&#8221; padding_bottom=&#8221;5%&#8221; css_animation=&#8221;&#8221;][vc_column width=&#8221;1\/2&#8243;][vc_column_text css=&#8221;.vc_custom_1504530187139{padding-top: 8% !important;padding-right: 0px !important;padding-left: 0px !important;}&#8221;]I et nyrenovert bolighus fra 1882 beliggende vis-a-vis hotellet tilbyr vi 8 smakfulle studio leiligheter av ulik st\u00f8rrelse (fra 20 kvm til 40 kvm). Leilighetene passer for gjester som \u00f8nsker \u00e5 bo hos oss over en lengre periode og \u00f8nsker st\u00f8rre plass eller muligheter for \u00e5 tilberede egne m\u00e5ltid.[\/vc_column_text][\/vc_column][vc_column width=&#8221;1\/2&#8243;][vc_column_text css=&#8221;.vc_custom_1504530193475{padding-top: 8% !important;padding-right: 0px !important;padding-left: 0px !important;}&#8221;]Alle leilighetene tilbyr komfortable soverom \/ oppholdsrom med flatskjerm-TV og fullt utstyrte kj\u00f8kken med oppvaskmaskin. Hver enhet har luksuri\u00f8st bad med vaskemaskin\/t\u00f8rketrommel og h\u00e5rf\u00f8ner. H\u00e5ndkl\u00e6r, senget\u00f8y og toalettartikler er inkludert.[\/vc_column_text][\/vc_column][\/vc_row][vc_row row_type=&#8221;row&#8221; use_row_as_full_screen_section=&#8221;no&#8221; type=&#8221;full_width&#8221; angled_section=&#8221;no&#8221; text_align=&#8221;left&#8221; background_image_as_pattern=&#8221;without_pattern&#8221; padding_bottom=&#8221;5%&#8221; css_animation=&#8221;&#8221;][vc_column][vc_empty_space][\/vc_column][\/vc_row][vc_row row_type=&#8221;row&#8221; use_row_as_full_screen_section=&#8221;no&#8221; type=&#8221;full_width&#8221; angled_section=&#8221;no&#8221; text_align=&#8221;center&#8221; background_image_as_pattern=&#8221;without_pattern&#8221; padding_bottom=&#8221;5%&#8221; css_animation=&#8221;&#8221;][vc_column width=&#8221;1\/4&#8243;][\/vc_column][vc_column width=&#8221;1\/2&#8243;]<a  itemprop=\"url\" href=\"mailto:booking@2dotre.com\" target=\"_self\"  class=\"qbutton  default\" style=\"\">booking@2dotre.com<\/a>[vc_column_text css=&#8221;.vc_custom_1504530231941{padding-top: 3% !important;padding-bottom: 4% !important;}&#8221;]Telefon 458 00 020[\/vc_column_text][vc_empty_space height=&#8221;28px&#8221;][\/vc_column][vc_column width=&#8221;1\/4&#8243;][\/vc_column][\/vc_row][vc_row row_type=&#8221;row&#8221; use_row_as_full_screen_section=&#8221;no&#8221; type=&#8221;full_width&#8221; angled_section=&#8221;no&#8221; text_align=&#8221;left&#8221; background_image_as_pattern=&#8221;without_pattern&#8221; padding_top=&#8221;5%&#8221; padding_bottom=&#8221;5%&#8221; css_animation=&#8221;&#8221;][vc_column][vc_gallery interval=&#8221;10&#8243; images=&#8221;540,541,539,538,537&#8243; img_size=&#8221;1920&#215;1080&#8243; onclick=&#8221;&#8221;][\/vc_column][\/vc_row][vc_row row_type=&#8221;row&#8221; use_row_as_full_screen_section=&#8221;no&#8221; type=&#8221;full_width&#8221; angled_section=&#8221;no&#8221; text_align=&#8221;left&#8221; background_image_as_pattern=&#8221;without_pattern&#8221; css_animation=&#8221;&#8221;][vc_column width=&#8221;1\/2&#8243;][vc_single_image image=&#8221;528&#8243; img_size=&#8221;full&#8221; qode_css_animation=&#8221;&#8221;][vc_column_text css=&#8221;.vc_custom_1504530203636{padding-top: 15% !important;padding-bottom: 4% !important;}&#8221;]Bolighuset sto ferdig i 1882 og ligger i den rolige og sjarmerende \u00abAllegaten\u00bb med husfasader der hele fargepaletten brukes.\u00a0 Allegaten er gitt status som \u00abbevaringsverdig\u00bb av Byantikvaren i Bergen. Huset var i familien Barmans eie gjennom fem generasjoner frem til familien Klohs og Hotel Park kj\u00f8pte bygget i 2015.<\/p>\n<p>&nbsp;<\/p>\n<p>Anne Margrethe &amp; Benedicte Klohs har sammen med arkitekt, interi\u00f8rarkitekt og dyktige h\u00e5ndverkere lagt ned mye arbeid i \u00e5 rehabilitere bygget etter dagens krav til byggtekniske kvaliteter. Her forenes fortid og n\u00e5tid i en lun atmosf\u00e6re kombinert med bruk av moderne design.[\/vc_column_text][\/vc_column][vc_column width=&#8221;1\/2&#8243;][vc_single_image image=&#8221;529&#8243; img_size=&#8221;full&#8221; qode_css_animation=&#8221;&#8221;][vc_column_text css=&#8221;.vc_custom_1504767668459{padding-top: 15% !important;padding-bottom: 4% !important;}&#8221;]Leilighetene har\u00a0mange vinduer som gir mye naturlig lys og god utsikt over Nyg\u00e5rdsh\u00f8yden og fjellene som omkranser Bergen.<\/p>\n<p>&nbsp;<\/p>\n<p>Leiligheten i toppetasjen er p\u00e5 40 kvm og har store takvinduer som gir mye naturlig lys samt en skjermet takterrasse med en fantastisk utsikt over Bergen Sentrum og fjellene Fl\u00f8yen og Ulriken.<\/p>\n<p>&nbsp;<\/p>\n<p>V\u00e5rt \u00f8nske er at v\u00e5re gjester skal f\u00f8le seg som hjemme.<\/p>\n<p>\u2014 \u00a0Anne Margrethe &amp; Benedicte Klohs<\/p>\n<p>&nbsp;<\/p>\n<p>For bestilling eller informasjon, vennligst kontakt oss p\u00e5:[\/vc_column_text]<a  itemprop=\"url\" href=\"mailto:booking@2dotre.com\" target=\"_self\"  class=\"qbutton  default\" style=\"\">booking@2dotre.com<\/a>[vc_column_text css=&#8221;.vc_custom_1504530222125{padding-top: 3% !important;padding-bottom: 4% !important;}&#8221;]Telefon 458 00 020[\/vc_column_text][\/vc_column][\/vc_row]<\/p>\n","protected":false},"excerpt":{"rendered":"<p>[vc_row row_type=&#8221;row&#8221; use_row_as_full_screen_section=&#8221;no&#8221; type=&#8221;full_width&#8221; angled_section=&#8221;no&#8221; text_align=&#8221;center&#8221; background_image_as_pattern=&#8221;without_pattern&#8221; padding_top=&#8221;5%&#8221; padding_bottom=&#8221;3%&#8221; css_animation=&#8221;&#8221;][vc_column][vc_column_text] Studioleiligheter [\/vc_column_text][vc_empty_space height=&#8221;28px&#8221;][vc_column_text el_class=&#8221;dotre&#8221;] 2\u00a0D\u00f8tre [\/vc_column_text][vc_empty_space height=&#8221;28px&#8221;][\/vc_column][\/vc_row][vc_row row_type=&#8221;row&#8221; use_row_as_full_screen_section=&#8221;no&#8221; type=&#8221;full_width&#8221; angled_section=&#8221;no&#8221; text_align=&#8221;left&#8221; background_image_as_pattern=&#8221;without_pattern&#8221; padding_bottom=&#8221;5%&#8221; css_animation=&#8221;&#8221;][vc_column width=&#8221;1\/2&#8243;][vc_column_text css=&#8221;.vc_custom_1504530187139{padding-top: 8% !important;padding-right: 0px !important;padding-left: 0px !important;}&#8221;]I et nyrenovert bolighus fra 1882 beliggende vis-a-vis hotellet tilbyr vi 8 smakfulle&#8230;<\/p>\n","protected":false},"author":2,"featured_media":0,"parent":0,"menu_order":0,"comment_status":"closed","ping_status":"closed","template":"","meta":{"footnotes":""},"class_list":["post-544","page","type-page","status-publish","hentry"],"_links":{"self":[{"href":"https:\/\/www.hotelpark.no\/nb\/wp-json\/wp\/v2\/pages\/544","targetHints":{"allow":["GET"]}}],"collection":[{"href":"https:\/\/www.hotelpark.no\/nb\/wp-json\/wp\/v2\/pages"}],"about":[{"href":"https:\/\/www.hotelpark.no\/nb\/wp-json\/wp\/v2\/types\/page"}],"author":[{"embeddable":true,"href":"https:\/\/www.hotelpark.no\/nb\/wp-json\/wp\/v2\/users\/2"}],"replies":[{"embeddable":true,"href":"https:\/\/www.hotelpark.no\/nb\/wp-json\/wp\/v2\/comments?post=544"}],"version-history":[{"count":0,"href":"https:\/\/www.hotelpark.no\/nb\/wp-json\/wp\/v2\/pages\/544\/revisions"}],"wp:attachment":[{"href":"https:\/\/www.hotelpark.no\/nb\/wp-json\/wp\/v2\/media?parent=544"}],"curies":[{"name":"wp","href":"https:\/\/api.w.org\/{rel}","templated":true}]}}