{"id":504,"date":"2016-02-22T09:49:27","date_gmt":"2016-02-22T09:49:27","guid":{"rendered":"http:\/\/hotelpark.wpengine.com\/nb\/contact\/"},"modified":"2026-03-03T09:08:28","modified_gmt":"2026-03-03T09:08:28","slug":"contact","status":"publish","type":"page","link":"https:\/\/www.hotelpark.no\/nb\/contact\/","title":{"rendered":"Contact"},"content":{"rendered":"<p>[vc_row row_type=&#8221;row&#8221; use_row_as_full_screen_section=&#8221;no&#8221; type=&#8221;grid&#8221; angled_section=&#8221;no&#8221; text_align=&#8221;left&#8221; background_image_as_pattern=&#8221;without_pattern&#8221; padding_top=&#8221;93&#8243; css_animation=&#8221;&#8221; css=&#8221;.vc_custom_1476783203098{margin-top: -23px !important;margin-bottom: 42px !important;}&#8221;][vc_column width=&#8221;1\/3&#8243;][vc_column_text]<\/p>\n<h4 style=\"text-align: left; font-size: 20px;\">Addresse<\/h4>\n<h3 class=\"contacttext\" style=\"text-align: left;\"><a href=\"https:\/\/www.google.no\/maps\/place\/Harald+H%C3%A5rfagres+gate+35,+5007+Bergen\/data=!4m2!3m1!1s0x463cfeaa528e8b1d:0x91c32ec180ba1836?sa=X&amp;ved=0ahUKEwj3w4Xb7abQAhVIBSwKHVRoDekQ8gEIHDAA\">Harald H\u00e5rfagresgate 35<\/a><br \/>\n<a href=\"https:\/\/www.google.no\/maps\/place\/Harald+H%C3%A5rfagres+gate+35,+5007+Bergen\/data=!4m2!3m1!1s0x463cfeaa528e8b1d:0x91c32ec180ba1836?sa=X&amp;ved=0ahUKEwj3w4Xb7abQAhVIBSwKHVRoDekQ8gEIHDAA\">N-5007 Bergen<\/a><\/h3>\n<p>[\/vc_column_text][vc_separator type=&#8221;transparent&#8221;][vc_column_text]<\/p>\n<h4 style=\"text-align: left; font-size: 20px;\">Telefon<\/h4>\n<h3 class=\"contacttext\" style=\"text-align: left;\">+47 55 54 44 00<\/h3>\n<p>&nbsp;<\/p>\n<h4 style=\"text-align: left; font-size: 20px;\">E-post<\/h4>\n<h3 class=\"contacttext\" style=\"text-align: left;\"><a href=\"mailto:booking@hotelpark.no\">booking@hotelpark.no<\/a><\/h3>\n<p>[\/vc_column_text][vc_separator type=&#8221;transparent&#8221;][\/vc_column][vc_column width=&#8221;1\/3&#8243;][vc_column_text]<\/p>\n<h4 style=\"text-align: left; font-size: 20px;\">Universitetsrabatt<\/h4>\n<div class=\"\"><span class=\"\">Gjester tilknyttet Universitetet i Bergen og H\u00f8gskolen m\u00e5 bestille rom direkte p\u00e5 e-post eller telefon for egne priser (gjelder utenfor h\u00f8ysesong mai-oktober).\u00a0<\/span><\/div>\n<p>[\/vc_column_text][vc_empty_space height=&#8221;16&#8243;][vc_column_text]<\/p>\n<h4 style=\"text-align: left; font-size: 20px;\">G\u00e5avstander<\/h4>\n<p style=\"font-size: 15px; line-height: 24px;\"><span style=\"text-decoration: underline;\"><a href=\"https:\/\/www.google.no\/maps\/dir\/Grieghallen,+Edvard+Griegs+plass+1,+5015+Bergen\/Hotel+Park+Bergen,+Harald+H%C3%A5rfagres+gate+35,+5007+Bergen\/@60.3879011,5.3249511,17z\/data=!3m1!4b1!4m13!4m12!1m5!1m1!1s0x463cfea97cf2dc8d:0x6d306d8bd273b82!2m2!1d5.3282038!2d60.388862!1m5!1m1!1s0x463cfeaa528e8b1d:0xf06a7814026ca057!2m2!1d5.325725!2d60.3864227\">300 m, 3 min Grieghallen<\/a><\/span><br \/>\n<span style=\"text-decoration: underline;\"><a href=\"https:\/\/www.google.no\/maps\/dir\/Hotel+Park+Bergen,+Harald+H%C3%A5rfagres+gate+35,+5007+Bergen\/Torgallmenningen,+Bergen\/@60.3897778,5.3198622,16z\/data=!3m1!4b1!4m13!4m12!1m5!1m1!1s0x463cfeaa528e8b1d:0xf06a7814026ca057!2m2!1d5.325725!2d60.3864227!1m5!1m1!1s0x463cfea83d31cd47:0x91390f28508e422c!2m2!1d5.3246399!2d60.3931331\">800 m, 12 min Torgalmenningen<\/a><\/span><br \/>\n<span style=\"text-decoration: underline;\"><a href=\"https:\/\/www.google.no\/maps\/dir\/Hotel+Park+Bergen,+Harald+H%C3%A5rfagres+gate+35,+5007+Bergen\/Torget,+5014+Bergen\/@60.3907956,5.3204866,16z\/data=!3m1!4b1!4m14!4m13!1m5!1m1!1s0x463cfeaa528e8b1d:0xf06a7814026ca057!2m2!1d5.325725!2d60.3864227!1m5!1m1!1s0x463cfea7dd704b13:0x386aba4bc54fbd83!2m2!1d5.3258858!2d60.3951687!3e2\">1,2 km, 17 min Fisketorget og Bryggen<\/a><\/span><br \/>\n<span style=\"text-decoration: underline;\"><a href=\"https:\/\/www.google.no\/maps\/dir\/Hotel+Park+Bergen,+Harald+H%C3%A5rfagres+gate+35,+5007+Bergen\/Fl%C3%B8ibanen,+Vetrlidsallmenningen+21,+5014+Bergen\/@60.3914311,5.3178985,15z\/data=!3m1!4b1!4m14!4m13!1m5!1m1!1s0x463cfeaa528e8b1d:0xf06a7814026ca057!2m2!1d5.325725!2d60.3864227!1m5!1m1!1s0x463cfea4b2a22d8d:0xd91d93b3a45e270a!2m2!1d5.3285645!2d60.3964198!3e2\">1,4 km, 20 min Fl\u00f8ybanen<\/a><\/span><br \/>\n<span style=\"text-decoration: underline;\"><a href=\"https:\/\/www.google.no\/maps\/dir\/Hotel+Park+Bergen,+Harald+H%C3%A5rfagres+gate+35,+5007+Bergen\/Akvariet+i+Bergen,+Nordnesbakken,+Bergen\/@60.3930567,5.3059764,15z\/data=!3m1!4b1!4m14!4m13!1m5!1m1!1s0x463cfeaa528e8b1d:0xf06a7814026ca057!2m2!1d5.325725!2d60.3864227!1m5!1m1!1s0x463cfc10943e35e9:0x471276c8da9f7ceb!2m2!1d5.303371!2d60.3996913!3e2\">1,4 km, 20 min Akvariet<\/a><\/span><\/p>\n<h4 style=\"text-align: left; font-size: 20px;\"><\/h4>\n<p>[\/vc_column_text][vc_empty_space height=&#8221;16&#8243;][vc_column_text]<\/p>\n<h4 style=\"text-align: left; font-size: 20px;\">Parkering<\/h4>\n<p style=\"font-size: 15px; line-height: 24px;\">N\u00e6rmeste parkeringshus er Grieg-garasjen, som ligger omtrent 300 meter fra hotellet. Gateparkering i omr\u00e5det rundt hotellet er gratis fra l\u00f8rdag kl. 17.00 til mandag kl. 08.00.<\/p>\n<p>[\/vc_column_text][vc_empty_space height=&#8221;16&#8243;][\/vc_column][vc_column width=&#8221;1\/3&#8243;][vc_column_text]<\/p>\n<h4 style=\"text-align: left; font-size: 20px;\">Flybussen<\/h4>\n<p style=\"font-size: 15px; line-height: 24px;\">Ta flybussen til bussterminalen\/Bystasjonen. Derfra tar det i underkant av 10 minutter \u00e5 spasere til Hotel Park.<\/p>\n<p>[\/vc_column_text][vc_empty_space height=&#8221;16&#8243;][vc_column_text]<\/p>\n<h4 style=\"text-align: left; font-size: 20px;\">Bybanen<\/h4>\n<p style=\"font-size: 15px; line-height: 24px;\">Fra bybanestoppet \u00abNyg\u00e5rd\u00bb tar det om lag 5 minutter \u00e5 g\u00e5 til Hotel Park. Alternativt kan man g\u00e5 av p\u00e5 stoppet \u00abBystasjonen\u00bb, der g\u00e5avstanden er i underkant av 10 minutter.<\/p>\n<p>[\/vc_column_text][vc_empty_space height=&#8221;16&#8243;][vc_column_text]<\/p>\n<h4 style=\"text-align: left; font-size: 20px;\">Fra jernbanen<\/h4>\n<p style=\"font-size: 15px; line-height: 24px;\">Jernbanen ligger rett ved bussterminalen\/Bystasjonen og det tar i underkant av 10 minutter \u00e5 spasere til Hotel Park. Det finnes ogs\u00e5 taxiholdeplass rett utenfor jernbanen.<\/p>\n<p>[\/vc_column_text][vc_empty_space height=&#8221;16&#8243;][vc_column_text]<\/p>\n<h4 style=\"text-align: left; font-size: 20px;\">Fra Hurtigb\u00e5tterminalen<\/h4>\n<p style=\"font-size: 15px; line-height: 24px;\">Vi anbefaler at du tar taxi direkte til hotellet. Om du \u00f8nsker \u00e5 g\u00e5 tar det omtrent 20-25 minutter.<\/p>\n<h4 style=\"text-align: left; font-size: 20px;\"><\/h4>\n<p>[\/vc_column_text][vc_empty_space height=&#8221;16&#8243;][\/vc_column][\/vc_row][vc_row row_type=&#8221;row&#8221; use_row_as_full_screen_section=&#8221;no&#8221; type=&#8221;full_width&#8221; angled_section=&#8221;no&#8221; text_align=&#8221;left&#8221; background_image_as_pattern=&#8221;without_pattern&#8221; css_animation=&#8221;&#8221;][vc_column]<div class='google_map_shortcode_holder' style='height:600px;'><div class='qode_google_map' style='height:600px;' id='map_canvas_65289' data-addresses='[\"Harald H\u00e5rfagres gate 35, 5007 Bergen\"]' data-custom-map-style='true' data-color-overlay='#bcbcbc' data-saturation='-100' data-lightness='20' data-zoom='15' data-pin='https:\/\/www.hotelpark.no\/wp-content\/uploads\/2016\/02\/pin.png' data-unique-id='65289' data-google-maps-scroll-wheel='true' data-map-height='600'><\/div><\/div>[\/vc_column][\/vc_row]<\/p>\n","protected":false},"excerpt":{"rendered":"<p>[vc_row row_type=&#8221;row&#8221; use_row_as_full_screen_section=&#8221;no&#8221; type=&#8221;grid&#8221; angled_section=&#8221;no&#8221; text_align=&#8221;left&#8221; background_image_as_pattern=&#8221;without_pattern&#8221; padding_top=&#8221;93&#8243; css_animation=&#8221;&#8221; css=&#8221;.vc_custom_1476783203098{margin-top: -23px !important;margin-bottom: 42px !important;}&#8221;][vc_column width=&#8221;1\/3&#8243;][vc_column_text] Addresse Harald H\u00e5rfagresgate 35 N-5007 Bergen [\/vc_column_text][vc_separator type=&#8221;transparent&#8221;][vc_column_text] Telefon +47 55 54 44 00 &nbsp; E-post booking@hotelpark.no [\/vc_column_text][vc_separator type=&#8221;transparent&#8221;][\/vc_column][vc_column width=&#8221;1\/3&#8243;][vc_column_text] Universitetsrabatt Gjester tilknyttet Universitetet i Bergen og H\u00f8gskolen m\u00e5 bestille&#8230;<\/p>\n","protected":false},"author":2,"featured_media":0,"parent":0,"menu_order":0,"comment_status":"closed","ping_status":"closed","template":"full_width.php","meta":{"footnotes":""},"class_list":["post-504","page","type-page","status-publish","hentry"],"_links":{"self":[{"href":"https:\/\/www.hotelpark.no\/nb\/wp-json\/wp\/v2\/pages\/504","targetHints":{"allow":["GET"]}}],"collection":[{"href":"https:\/\/www.hotelpark.no\/nb\/wp-json\/wp\/v2\/pages"}],"about":[{"href":"https:\/\/www.hotelpark.no\/nb\/wp-json\/wp\/v2\/types\/page"}],"author":[{"embeddable":true,"href":"https:\/\/www.hotelpark.no\/nb\/wp-json\/wp\/v2\/users\/2"}],"replies":[{"embeddable":true,"href":"https:\/\/www.hotelpark.no\/nb\/wp-json\/wp\/v2\/comments?post=504"}],"version-history":[{"count":0,"href":"https:\/\/www.hotelpark.no\/nb\/wp-json\/wp\/v2\/pages\/504\/revisions"}],"wp:attachment":[{"href":"https:\/\/www.hotelpark.no\/nb\/wp-json\/wp\/v2\/media?parent=504"}],"curies":[{"name":"wp","href":"https:\/\/api.w.org\/{rel}","templated":true}]}}