{"id":494,"date":"2016-02-22T09:09:40","date_gmt":"2016-02-22T09:09:40","guid":{"rendered":"http:\/\/hotelpark.wpengine.com\/nb\/rooms\/"},"modified":"2026-03-03T09:31:33","modified_gmt":"2026-03-03T09:31:33","slug":"rom","status":"publish","type":"page","link":"https:\/\/www.hotelpark.no\/nb\/rom\/","title":{"rendered":"Rommene"},"content":{"rendered":"<p>[vc_row row_type=&#8221;row&#8221; use_row_as_full_screen_section=&#8221;no&#8221; type=&#8221;full_width&#8221; anchor=&#8221;cornerview&#8221; angled_section=&#8221;no&#8221; text_align=&#8221;left&#8221; background_image_as_pattern=&#8221;without_pattern&#8221; css_animation=&#8221;&#8221;][vc_column][vc_separator type=&#8221;transparent&#8221; thickness=&#8221;20&#8243;][\/vc_column][\/vc_row][vc_row row_type=&#8221;row&#8221; use_row_as_full_screen_section=&#8221;no&#8221; type=&#8221;grid&#8221; angled_section=&#8221;no&#8221; text_align=&#8221;left&#8221; background_image_as_pattern=&#8221;without_pattern&#8221; css_animation=&#8221;&#8221;][vc_column width=&#8221;2\/3&#8243;][vc_gallery type=&#8221;flexslider_slide&#8221; interval=&#8221;0&#8243; images=&#8221;573,572,568,571&#8243; img_size=&#8221;full&#8221; onclick=&#8221;&#8221; enable_drag=&#8221;yes&#8221; direction_nav=&#8221;yes&#8221; control_nav=&#8221;yes&#8221;][\/vc_column][vc_column width=&#8221;1\/3&#8243;][vc_column_text css=&#8221;.vc_custom_1479079170279{margin-bottom: 20px !important;}&#8221;]<\/p>\n<h2>Dobbeltrom<\/h2>\n<p>[\/vc_column_text][vc_column_text el_class=&#8221;roomtext&#8221; css=&#8221;.vc_custom_1494490928454{margin-bottom: 20px !important;}&#8221;]V\u00e5re doble rom finnes i begge byggene og har\u00a0utsikt over Nyg\u00e5rdsh\u00f8yden og fjellene som omkranser Bergen. De er m\u00f8blert med en kombinasjon av moderne og tradisjonelle m\u00f8bler med flatskjerm-tv og skrivebord. Noen rom har sittegruppe og sofa.[\/vc_column_text][vc_single_image image=&#8221;412&#8243; img_size=&#8221;42&#215;42&#8243; qode_css_animation=&#8221;&#8221; el_class=&#8221;roomicon&#8221;][vc_single_image image=&#8221;411&#8243; img_size=&#8221;42&#215;42&#8243; qode_css_animation=&#8221;&#8221; el_class=&#8221;roomicon&#8221;][vc_single_image image=&#8221;433&#8243; img_size=&#8221;42&#215;42&#8243; qode_css_animation=&#8221;&#8221; el_class=&#8221;roomicon&#8221;][\/vc_column][\/vc_row][vc_row row_type=&#8221;row&#8221; use_row_as_full_screen_section=&#8221;no&#8221; type=&#8221;full_width&#8221; anchor=&#8221;balconyview&#8221; angled_section=&#8221;no&#8221; text_align=&#8221;left&#8221; background_image_as_pattern=&#8221;without_pattern&#8221; css_animation=&#8221;&#8221;][vc_column][vc_separator type=&#8221;transparent&#8221; thickness=&#8221;20&#8243;][\/vc_column][\/vc_row][vc_row row_type=&#8221;row&#8221; use_row_as_full_screen_section=&#8221;no&#8221; type=&#8221;grid&#8221; angled_section=&#8221;no&#8221; text_align=&#8221;left&#8221; background_image_as_pattern=&#8221;without_pattern&#8221; css_animation=&#8221;&#8221;][vc_column width=&#8221;2\/3&#8243;][vc_gallery type=&#8221;flexslider_slide&#8221; interval=&#8221;0&#8243; images=&#8221;569,487&#8243; img_size=&#8221;full&#8221; onclick=&#8221;&#8221; enable_drag=&#8221;yes&#8221; direction_nav=&#8221;yes&#8221; control_nav=&#8221;yes&#8221;][\/vc_column][vc_column width=&#8221;1\/3&#8243;][vc_column_text css=&#8221;.vc_custom_1479079204107{margin-bottom: 20px !important;}&#8221;]<\/p>\n<h2>Enkeltrom<\/h2>\n<p>[\/vc_column_text][vc_column_text el_class=&#8221;roomtext&#8221; css=&#8221;.vc_custom_1492763250965{margin-bottom: 20px !important;}&#8221;]Et rom for de som vil ha det enkelt, men som ikke vil g\u00e5 p\u00e5 kompromiss med komfort. Rommene finnes i begge v\u00e5re bygg, og er utstyrt med arbeidsbord og flatskjerm-tv.[\/vc_column_text][vc_single_image image=&#8221;412&#8243; img_size=&#8221;42&#215;42&#8243; qode_css_animation=&#8221;&#8221; el_class=&#8221;roomicon&#8221;][vc_single_image image=&#8221;411&#8243; img_size=&#8221;42&#215;42&#8243; qode_css_animation=&#8221;&#8221; el_class=&#8221;roomicon&#8221;][vc_single_image image=&#8221;433&#8243; img_size=&#8221;42&#215;42&#8243; qode_css_animation=&#8221;&#8221; el_class=&#8221;roomicon&#8221;][\/vc_column][\/vc_row][vc_row row_type=&#8221;row&#8221; use_row_as_full_screen_section=&#8221;no&#8221; type=&#8221;full_width&#8221; angled_section=&#8221;no&#8221; text_align=&#8221;left&#8221; background_image_as_pattern=&#8221;without_pattern&#8221; css_animation=&#8221;&#8221;][vc_column][vc_separator type=&#8221;transparent&#8221; thickness=&#8221;20&#8243;][\/vc_column][\/vc_row][vc_row row_type=&#8221;row&#8221; use_row_as_full_screen_section=&#8221;no&#8221; type=&#8221;grid&#8221; angled_section=&#8221;no&#8221; text_align=&#8221;left&#8221; background_image_as_pattern=&#8221;without_pattern&#8221; css_animation=&#8221;&#8221;][vc_column width=&#8221;2\/3&#8243;][vc_gallery type=&#8221;flexslider_slide&#8221; interval=&#8221;0&#8243; images=&#8221;568,488,489&#8243; img_size=&#8221;full&#8221; onclick=&#8221;&#8221; enable_drag=&#8221;yes&#8221; direction_nav=&#8221;yes&#8221; control_nav=&#8221;yes&#8221;][\/vc_column][vc_column width=&#8221;1\/3&#8243;][vc_column_text css=&#8221;.vc_custom_1476775935276{margin-bottom: 20px !important;}&#8221;]<\/p>\n<h2>Suite<\/h2>\n<p>[\/vc_column_text][vc_column_text el_class=&#8221;roomtext&#8221; css=&#8221;.vc_custom_1492763259310{margin-bottom: 20px !important;}&#8221;]Suiten er i toppetasjen i v\u00e5rt andre bygg og har flott utsikt mot Ulriken og over Nyg\u00e5rdsh\u00f8yden. Den inneholder separat soverom, lite kj\u00f8kken, sittegruppe med flatskjerm-tv og arbeidsbord.[\/vc_column_text][vc_single_image image=&#8221;412&#8243; img_size=&#8221;42&#215;42&#8243; qode_css_animation=&#8221;&#8221; el_class=&#8221;roomicon&#8221;][vc_single_image image=&#8221;411&#8243; img_size=&#8221;42&#215;42&#8243; qode_css_animation=&#8221;&#8221; el_class=&#8221;roomicon&#8221;][vc_single_image image=&#8221;433&#8243; img_size=&#8221;42&#215;42&#8243; qode_css_animation=&#8221;&#8221; el_class=&#8221;roomicon&#8221;][\/vc_column][\/vc_row][vc_row row_type=&#8221;row&#8221; use_row_as_full_screen_section=&#8221;no&#8221; type=&#8221;full_width&#8221; angled_section=&#8221;no&#8221; text_align=&#8221;left&#8221; background_image_as_pattern=&#8221;without_pattern&#8221; css_animation=&#8221;&#8221;][vc_column][vc_separator type=&#8221;transparent&#8221; thickness=&#8221;20&#8243;][\/vc_column][\/vc_row]<\/p>\n","protected":false},"excerpt":{"rendered":"<p>[vc_row row_type=&#8221;row&#8221; use_row_as_full_screen_section=&#8221;no&#8221; type=&#8221;full_width&#8221; anchor=&#8221;cornerview&#8221; angled_section=&#8221;no&#8221; text_align=&#8221;left&#8221; background_image_as_pattern=&#8221;without_pattern&#8221; css_animation=&#8221;&#8221;][vc_column][vc_separator type=&#8221;transparent&#8221; thickness=&#8221;20&#8243;][\/vc_column][\/vc_row][vc_row row_type=&#8221;row&#8221; use_row_as_full_screen_section=&#8221;no&#8221; type=&#8221;grid&#8221; angled_section=&#8221;no&#8221; text_align=&#8221;left&#8221; background_image_as_pattern=&#8221;without_pattern&#8221; css_animation=&#8221;&#8221;][vc_column width=&#8221;2\/3&#8243;][vc_gallery type=&#8221;flexslider_slide&#8221; interval=&#8221;0&#8243; images=&#8221;573,572,568,571&#8243; img_size=&#8221;full&#8221; onclick=&#8221;&#8221; enable_drag=&#8221;yes&#8221; direction_nav=&#8221;yes&#8221; control_nav=&#8221;yes&#8221;][\/vc_column][vc_column width=&#8221;1\/3&#8243;][vc_column_text css=&#8221;.vc_custom_1479079170279{margin-bottom: 20px !important;}&#8221;] Dobbeltrom [\/vc_column_text][vc_column_text el_class=&#8221;roomtext&#8221; css=&#8221;.vc_custom_1494490928454{margin-bottom: 20px !important;}&#8221;]V\u00e5re doble rom finnes i begge byggene og har\u00a0utsikt&#8230;<\/p>\n","protected":false},"author":2,"featured_media":0,"parent":0,"menu_order":0,"comment_status":"closed","ping_status":"closed","template":"full_width.php","meta":{"footnotes":""},"class_list":["post-494","page","type-page","status-publish","hentry"],"_links":{"self":[{"href":"https:\/\/www.hotelpark.no\/nb\/wp-json\/wp\/v2\/pages\/494","targetHints":{"allow":["GET"]}}],"collection":[{"href":"https:\/\/www.hotelpark.no\/nb\/wp-json\/wp\/v2\/pages"}],"about":[{"href":"https:\/\/www.hotelpark.no\/nb\/wp-json\/wp\/v2\/types\/page"}],"author":[{"embeddable":true,"href":"https:\/\/www.hotelpark.no\/nb\/wp-json\/wp\/v2\/users\/2"}],"replies":[{"embeddable":true,"href":"https:\/\/www.hotelpark.no\/nb\/wp-json\/wp\/v2\/comments?post=494"}],"version-history":[{"count":0,"href":"https:\/\/www.hotelpark.no\/nb\/wp-json\/wp\/v2\/pages\/494\/revisions"}],"wp:attachment":[{"href":"https:\/\/www.hotelpark.no\/nb\/wp-json\/wp\/v2\/media?parent=494"}],"curies":[{"name":"wp","href":"https:\/\/api.w.org\/{rel}","templated":true}]}}